{"id":14,"date":"2025-11-21T19:14:01","date_gmt":"2025-11-21T19:14:01","guid":{"rendered":"https:\/\/loope.one\/rentrinenridi\/?page_id=14"},"modified":"2025-12-14T02:30:22","modified_gmt":"2025-12-14T02:30:22","slug":"bastidores","status":"publish","type":"page","link":"https:\/\/loope.one\/rentrinenridi\/bastidores\/","title":{"rendered":"Bastidores"},"content":{"rendered":"<p>Bastidores<\/p>\n\n\n<div class=\"wp-block-query is-layout-flow wp-block-query-is-layout-flow\"><ul class=\"wp-block-post-template is-layout-flow wp-block-post-template-is-layout-flow\"><li class=\"wp-block-post post-1671 post type-post status-publish format-standard has-post-thumbnail hentry category-bastidores tag-bastidores tag-saga-rentri-nenridi\">\n<figure class=\"wp-block-post-featured-image\"><img loading=\"lazy\" decoding=\"async\" width=\"1024\" height=\"1536\" src=\"https:\/\/loope.one\/rentrinenridi\/wp-content\/uploads\/2026\/02\/file_00000000324871f5992767e19aa5d7e5.png\" class=\"attachment-post-thumbnail size-post-thumbnail wp-post-image\" alt=\"\" style=\"object-fit:cover;\" srcset=\"https:\/\/loope.one\/rentrinenridi\/wp-content\/uploads\/2026\/02\/file_00000000324871f5992767e19aa5d7e5.png 1024w, https:\/\/loope.one\/rentrinenridi\/wp-content\/uploads\/2026\/02\/file_00000000324871f5992767e19aa5d7e5-200x300.png 200w, https:\/\/loope.one\/rentrinenridi\/wp-content\/uploads\/2026\/02\/file_00000000324871f5992767e19aa5d7e5-683x1024.png 683w, https:\/\/loope.one\/rentrinenridi\/wp-content\/uploads\/2026\/02\/file_00000000324871f5992767e19aa5d7e5-768x1152.png 768w\" sizes=\"auto, (max-width: 1024px) 100vw, 1024px\" \/><\/figure>\n\n<div class=\"wp-block-post-date\"><time datetime=\"2026-02-12T09:12:00+00:00\">fevereiro 12, 2026<\/time><\/div>\n\n<h2 class=\"wp-block-post-title\"><a href=\"https:\/\/loope.one\/rentrinenridi\/bastidores\/ep-a-chegada-a-conveniencia\/\" target=\"_self\" >EP \u2014 A Chegada \u00e0 Conveni\u00eancia<\/a><\/h2>\n<\/li><li class=\"wp-block-post post-303 post type-post status-publish format-standard has-post-thumbnail hentry category-universo-nenridi category-bastidores tag-escolas\">\n<figure class=\"wp-block-post-featured-image\"><img loading=\"lazy\" decoding=\"async\" width=\"1024\" height=\"1536\" src=\"https:\/\/loope.one\/rentrinenridi\/wp-content\/uploads\/2025\/12\/file_00000000eeec61f7bf823cdb9e5b8131.png\" class=\"attachment-post-thumbnail size-post-thumbnail wp-post-image\" alt=\"\" style=\"object-fit:cover;\" srcset=\"https:\/\/loope.one\/rentrinenridi\/wp-content\/uploads\/2025\/12\/file_00000000eeec61f7bf823cdb9e5b8131.png 1024w, https:\/\/loope.one\/rentrinenridi\/wp-content\/uploads\/2025\/12\/file_00000000eeec61f7bf823cdb9e5b8131-200x300.png 200w, https:\/\/loope.one\/rentrinenridi\/wp-content\/uploads\/2025\/12\/file_00000000eeec61f7bf823cdb9e5b8131-683x1024.png 683w, https:\/\/loope.one\/rentrinenridi\/wp-content\/uploads\/2025\/12\/file_00000000eeec61f7bf823cdb9e5b8131-768x1152.png 768w\" sizes=\"auto, (max-width: 1024px) 100vw, 1024px\" \/><\/figure>\n\n<div class=\"wp-block-post-date\"><time datetime=\"2025-12-01T01:58:20+00:00\">dezembro 1, 2025<\/time><\/div>\n\n<h2 class=\"wp-block-post-title\"><a href=\"https:\/\/loope.one\/rentrinenridi\/universo-nenridi\/ocado-e-stanfooha-as-lojas-que-guardam-misterios-ha-seculos\/\" target=\"_self\" >OCADO e STANFOOHA: As Lojas Que Guardam Mist\u00e9rios H\u00e1 S\u00e9culos<\/a><\/h2>\n<\/li><\/ul>\n\n\n\n<\/div>\n","protected":false},"excerpt":{"rendered":"<p>Bastidores<\/p>\n","protected":false},"author":1,"featured_media":0,"parent":0,"menu_order":0,"comment_status":"closed","ping_status":"closed","template":"page-categoria-dinamica.php","meta":{"footnotes":""},"class_list":["post-14","page","type-page","status-publish","hentry"],"_links":{"self":[{"href":"https:\/\/loope.one\/rentrinenridi\/wp-json\/wp\/v2\/pages\/14","targetHints":{"allow":["GET"]}}],"collection":[{"href":"https:\/\/loope.one\/rentrinenridi\/wp-json\/wp\/v2\/pages"}],"about":[{"href":"https:\/\/loope.one\/rentrinenridi\/wp-json\/wp\/v2\/types\/page"}],"author":[{"embeddable":true,"href":"https:\/\/loope.one\/rentrinenridi\/wp-json\/wp\/v2\/users\/1"}],"replies":[{"embeddable":true,"href":"https:\/\/loope.one\/rentrinenridi\/wp-json\/wp\/v2\/comments?post=14"}],"version-history":[{"count":8,"href":"https:\/\/loope.one\/rentrinenridi\/wp-json\/wp\/v2\/pages\/14\/revisions"}],"predecessor-version":[{"id":355,"href":"https:\/\/loope.one\/rentrinenridi\/wp-json\/wp\/v2\/pages\/14\/revisions\/355"}],"wp:attachment":[{"href":"https:\/\/loope.one\/rentrinenridi\/wp-json\/wp\/v2\/media?parent=14"}],"curies":[{"name":"wp","href":"https:\/\/api.w.org\/{rel}","templated":true}]}}