{"id":1490,"date":"2026-01-17T00:27:27","date_gmt":"2026-01-17T00:27:27","guid":{"rendered":"https:\/\/loope.one\/rentrinenridi\/?page_id=1490"},"modified":"2026-01-17T00:32:55","modified_gmt":"2026-01-17T00:32:55","slug":"selos","status":"publish","type":"page","link":"https:\/\/loope.one\/rentrinenridi\/dashboard\/selos\/","title":{"rendered":"SELOS"},"content":{"rendered":"<div class=\"swpm-post-not-logged-in-msg\">You need to be logged in to view this content. Por favor <a class=\"swpm-login-link\" href=\"https:\/\/loope.one\/rentrinenridi\/membership-login\/\">Log In<\/a>. N\u00e3o \u00e9 um membro? <a href=\"https:\/\/loope.one\/rentrinenridi\/membership-join\/membership-registration\/\">Junte-se a n\u00f3s<\/a><\/div>","protected":false},"excerpt":{"rendered":"<p>You need to be logged in to view this content. Por favor Log In. N\u00e3o \u00e9 um membro? Junte-se a n\u00f3s<\/p>\n","protected":false},"author":1,"featured_media":0,"parent":238,"menu_order":0,"comment_status":"closed","ping_status":"closed","template":"page-selos.php","meta":{"footnotes":""},"class_list":["post-1490","page","type-page","status-publish","hentry"],"_links":{"self":[{"href":"https:\/\/loope.one\/rentrinenridi\/wp-json\/wp\/v2\/pages\/1490","targetHints":{"allow":["GET"]}}],"collection":[{"href":"https:\/\/loope.one\/rentrinenridi\/wp-json\/wp\/v2\/pages"}],"about":[{"href":"https:\/\/loope.one\/rentrinenridi\/wp-json\/wp\/v2\/types\/page"}],"author":[{"embeddable":true,"href":"https:\/\/loope.one\/rentrinenridi\/wp-json\/wp\/v2\/users\/1"}],"replies":[{"embeddable":true,"href":"https:\/\/loope.one\/rentrinenridi\/wp-json\/wp\/v2\/comments?post=1490"}],"version-history":[{"count":1,"href":"https:\/\/loope.one\/rentrinenridi\/wp-json\/wp\/v2\/pages\/1490\/revisions"}],"predecessor-version":[{"id":1491,"href":"https:\/\/loope.one\/rentrinenridi\/wp-json\/wp\/v2\/pages\/1490\/revisions\/1491"}],"up":[{"embeddable":true,"href":"https:\/\/loope.one\/rentrinenridi\/wp-json\/wp\/v2\/pages\/238"}],"wp:attachment":[{"href":"https:\/\/loope.one\/rentrinenridi\/wp-json\/wp\/v2\/media?parent=1490"}],"curies":[{"name":"wp","href":"https:\/\/api.w.org\/{rel}","templated":true}]}}