{"id":175,"date":"2025-11-23T22:01:09","date_gmt":"2025-11-23T22:01:09","guid":{"rendered":"https:\/\/loope.one\/rentrinenridi\/membership-login\/membership-profile\/"},"modified":"2025-11-24T03:18:40","modified_gmt":"2025-11-24T03:18:40","slug":"membership-profile","status":"publish","type":"page","link":"https:\/\/loope.one\/rentrinenridi\/membership-login\/membership-profile\/","title":{"rendered":"Perfil"},"content":{"rendered":"<div class=\"swpm_profile_not_logged_in_msg\">Voc\u00ea n\u00e3o est\u00e1 conectado.<\/div>\n","protected":false},"excerpt":{"rendered":"","protected":false},"author":1,"featured_media":0,"parent":174,"menu_order":0,"comment_status":"closed","ping_status":"closed","template":"page-membership-profile.php","meta":{"footnotes":""},"class_list":["post-175","page","type-page","status-publish","hentry"],"_links":{"self":[{"href":"https:\/\/loope.one\/rentrinenridi\/wp-json\/wp\/v2\/pages\/175","targetHints":{"allow":["GET"]}}],"collection":[{"href":"https:\/\/loope.one\/rentrinenridi\/wp-json\/wp\/v2\/pages"}],"about":[{"href":"https:\/\/loope.one\/rentrinenridi\/wp-json\/wp\/v2\/types\/page"}],"author":[{"embeddable":true,"href":"https:\/\/loope.one\/rentrinenridi\/wp-json\/wp\/v2\/users\/1"}],"replies":[{"embeddable":true,"href":"https:\/\/loope.one\/rentrinenridi\/wp-json\/wp\/v2\/comments?post=175"}],"version-history":[{"count":1,"href":"https:\/\/loope.one\/rentrinenridi\/wp-json\/wp\/v2\/pages\/175\/revisions"}],"predecessor-version":[{"id":243,"href":"https:\/\/loope.one\/rentrinenridi\/wp-json\/wp\/v2\/pages\/175\/revisions\/243"}],"up":[{"embeddable":true,"href":"https:\/\/loope.one\/rentrinenridi\/wp-json\/wp\/v2\/pages\/174"}],"wp:attachment":[{"href":"https:\/\/loope.one\/rentrinenridi\/wp-json\/wp\/v2\/media?parent=175"}],"curies":[{"name":"wp","href":"https:\/\/api.w.org\/{rel}","templated":true}]}}