{"id":238,"date":"2025-11-24T02:55:01","date_gmt":"2025-11-24T02:55:01","guid":{"rendered":"https:\/\/loope.one\/rentrinenridi\/?page_id=238"},"modified":"2025-11-24T03:45:02","modified_gmt":"2025-11-24T03:45:02","slug":"dashboard","status":"publish","type":"page","link":"https:\/\/loope.one\/rentrinenridi\/dashboard\/","title":{"rendered":"&#8211; \u00c1rea de Membros"},"content":{"rendered":"<div class=\"swpm-post-not-logged-in-msg\">You need to be logged in to view this content. Por favor <a class=\"swpm-login-link\" href=\"https:\/\/loope.one\/rentrinenridi\/membership-login\/\">Log In<\/a>. N\u00e3o \u00e9 um membro? <a href=\"https:\/\/loope.one\/rentrinenridi\/membership-join\/membership-registration\/\">Junte-se a n\u00f3s<\/a><\/div>","protected":false},"excerpt":{"rendered":"<p>You need to be logged in to view this content. Por favor Log In. N\u00e3o \u00e9 um membro? Junte-se a n\u00f3s<\/p>\n","protected":false},"author":1,"featured_media":0,"parent":0,"menu_order":0,"comment_status":"closed","ping_status":"closed","template":"page-members-area.php","meta":{"footnotes":""},"class_list":["post-238","page","type-page","status-publish","hentry"],"_links":{"self":[{"href":"https:\/\/loope.one\/rentrinenridi\/wp-json\/wp\/v2\/pages\/238","targetHints":{"allow":["GET"]}}],"collection":[{"href":"https:\/\/loope.one\/rentrinenridi\/wp-json\/wp\/v2\/pages"}],"about":[{"href":"https:\/\/loope.one\/rentrinenridi\/wp-json\/wp\/v2\/types\/page"}],"author":[{"embeddable":true,"href":"https:\/\/loope.one\/rentrinenridi\/wp-json\/wp\/v2\/users\/1"}],"replies":[{"embeddable":true,"href":"https:\/\/loope.one\/rentrinenridi\/wp-json\/wp\/v2\/comments?post=238"}],"version-history":[{"count":5,"href":"https:\/\/loope.one\/rentrinenridi\/wp-json\/wp\/v2\/pages\/238\/revisions"}],"predecessor-version":[{"id":249,"href":"https:\/\/loope.one\/rentrinenridi\/wp-json\/wp\/v2\/pages\/238\/revisions\/249"}],"wp:attachment":[{"href":"https:\/\/loope.one\/rentrinenridi\/wp-json\/wp\/v2\/media?parent=238"}],"curies":[{"name":"wp","href":"https:\/\/api.w.org\/{rel}","templated":true}]}}